{"id":12,"date":"2024-08-17T18:03:30","date_gmt":"2024-08-17T16:03:30","guid":{"rendered":"http:\/\/nowa.kreatywni.info.pl\/?page_id=12"},"modified":"2024-08-21T21:55:51","modified_gmt":"2024-08-21T19:55:51","slug":"kontakt","status":"publish","type":"page","link":"https:\/\/kreatywni.info.pl\/index.php\/kontakt\/","title":{"rendered":"Kontakt"},"content":{"rendered":"\n<p>Zapraszamy do kontaktu. Ch\u0119tnie pomo\u017cemy ci w przygotowaniu wspania\u0142ego koncertu, spektaklu, pokazu i wielu innych imprez.<\/p>\n","protected":false},"excerpt":{"rendered":"<p>Zapraszamy do kontaktu. Ch\u0119tnie pomo\u017cemy ci w przygotowaniu wspania\u0142ego koncertu, spektaklu, pokazu i wielu innych imprez.<\/p>\n","protected":false},"author":1,"featured_media":48,"parent":0,"menu_order":0,"comment_status":"closed","ping_status":"closed","template":"","meta":{"ngg_post_thumbnail":0,"footnotes":""},"class_list":["post-12","page","type-page","status-publish","has-post-thumbnail","hentry"],"_links":{"self":[{"href":"https:\/\/kreatywni.info.pl\/index.php\/wp-json\/wp\/v2\/pages\/12","targetHints":{"allow":["GET"]}}],"collection":[{"href":"https:\/\/kreatywni.info.pl\/index.php\/wp-json\/wp\/v2\/pages"}],"about":[{"href":"https:\/\/kreatywni.info.pl\/index.php\/wp-json\/wp\/v2\/types\/page"}],"author":[{"embeddable":true,"href":"https:\/\/kreatywni.info.pl\/index.php\/wp-json\/wp\/v2\/users\/1"}],"replies":[{"embeddable":true,"href":"https:\/\/kreatywni.info.pl\/index.php\/wp-json\/wp\/v2\/comments?post=12"}],"version-history":[{"count":2,"href":"https:\/\/kreatywni.info.pl\/index.php\/wp-json\/wp\/v2\/pages\/12\/revisions"}],"predecessor-version":[{"id":43,"href":"https:\/\/kreatywni.info.pl\/index.php\/wp-json\/wp\/v2\/pages\/12\/revisions\/43"}],"wp:featuredmedia":[{"embeddable":true,"href":"https:\/\/kreatywni.info.pl\/index.php\/wp-json\/wp\/v2\/media\/48"}],"wp:attachment":[{"href":"https:\/\/kreatywni.info.pl\/index.php\/wp-json\/wp\/v2\/media?parent=12"}],"curies":[{"name":"wp","href":"https:\/\/api.w.org\/{rel}","templated":true}]}}